{"id":80,"date":"2016-04-14T21:24:13","date_gmt":"2016-04-14T19:24:13","guid":{"rendered":"http:\/\/zton.pixellamer.com\/?page_id=80"},"modified":"2016-04-27T20:54:13","modified_gmt":"2016-04-27T18:54:13","slug":"laser","status":"publish","type":"page","link":"https:\/\/www.z-ton.de\/index.php\/lichttechnik\/laser\/","title":{"rendered":"Laser"},"content":{"rendered":"<div class=\"container py-5\"><div class=\"row\"><div class=\"col\"><p><img loading=\"lazy\" decoding=\"async\" class=\"lazyload wp-image-185 alignright\" src=\"http:\/\/zton.pixellamer.com\/wp-content\/uploads\/2016\/04\/IMG_1148-e1461778940981-1024x856.jpg\" alt=\"IMG_1148\" width=\"421\" height=\"352\" srcset=\"https:\/\/www.z-ton.de\/wp-content\/uploads\/2016\/04\/IMG_1148-e1461778940981-1024x856.jpg 1024w, https:\/\/www.z-ton.de\/wp-content\/uploads\/2016\/04\/IMG_1148-e1461778940981-300x251.jpg 300w, https:\/\/www.z-ton.de\/wp-content\/uploads\/2016\/04\/IMG_1148-e1461778940981-768x642.jpg 768w\" sizes=\"auto, (max-width: 421px) 100vw, 421px\" \/><\/p>\n<p>Mehrfarbige digital steuerbare Laser f\u00fcr verschiedenste Effekte im Indoor- sowie Outdoor-Bereich.<\/p>\n<p>Mit den kompakten Lasern bieten wir Ihnen eine skalierbare L\u00f6sung angenfangen von Club R\u00e4umlichkeiten bis hin zu Konzerten und Gro\u00dfveranstaltungen an.<\/p>\n<p>Gerne erstellen wir Ihnen hierzu ein detailiertes Angebot f\u00fcr Anmietungen oder Festinstallation je nach Veranstaltungsgr\u00f6\u00dfe und Farbkonzept.<\/p>\n<\/div><\/div><\/div>","protected":false},"excerpt":{"rendered":"<p>Mehrfarbige digital steuerbare Laser f\u00fcr verschiedenste Effekte im Indoor- sowie Outdoor-Bereich. Mit den kompakten Lasern bieten wir Ihnen eine skalierbare L\u00f6sung angenfangen von Club R\u00e4umlichkeiten bis hin zu Konzerten und Gro\u00dfveranstaltungen an. Gerne erstellen wir Ihnen hierzu ein detailiertes Angebot f\u00fcr Anmietungen oder Festinstallation je nach Veranstaltungsgr\u00f6\u00dfe und Farbkonzept.<\/p>\n","protected":false},"author":1,"featured_media":0,"parent":31,"menu_order":0,"comment_status":"closed","ping_status":"closed","template":"page-full.php","meta":{"footnotes":""},"class_list":["post-80","page","type-page","status-publish","hentry"],"_links":{"self":[{"href":"https:\/\/www.z-ton.de\/index.php\/wp-json\/wp\/v2\/pages\/80","targetHints":{"allow":["GET"]}}],"collection":[{"href":"https:\/\/www.z-ton.de\/index.php\/wp-json\/wp\/v2\/pages"}],"about":[{"href":"https:\/\/www.z-ton.de\/index.php\/wp-json\/wp\/v2\/types\/page"}],"author":[{"embeddable":true,"href":"https:\/\/www.z-ton.de\/index.php\/wp-json\/wp\/v2\/users\/1"}],"replies":[{"embeddable":true,"href":"https:\/\/www.z-ton.de\/index.php\/wp-json\/wp\/v2\/comments?post=80"}],"version-history":[{"count":3,"href":"https:\/\/www.z-ton.de\/index.php\/wp-json\/wp\/v2\/pages\/80\/revisions"}],"predecessor-version":[{"id":225,"href":"https:\/\/www.z-ton.de\/index.php\/wp-json\/wp\/v2\/pages\/80\/revisions\/225"}],"up":[{"embeddable":true,"href":"https:\/\/www.z-ton.de\/index.php\/wp-json\/wp\/v2\/pages\/31"}],"wp:attachment":[{"href":"https:\/\/www.z-ton.de\/index.php\/wp-json\/wp\/v2\/media?parent=80"}],"curies":[{"name":"wp","href":"https:\/\/api.w.org\/{rel}","templated":true}]}}