{"id":55924,"date":"2024-08-07T14:12:50","date_gmt":"2024-08-07T12:12:50","guid":{"rendered":"https:\/\/www.z-ton.de\/?page_id=55924"},"modified":"2024-08-09T17:38:50","modified_gmt":"2024-08-09T15:38:50","slug":"stageboxen-splitter","status":"publish","type":"page","link":"https:\/\/www.z-ton.de\/index.php\/equipment\/stageboxen-splitter\/","title":{"rendered":"Stageboxen | Splitter"},"content":{"rendered":"<p>[vc_row css=&#8220;.vc_custom_1723060580147{margin-top: 30px !important;}&#8220;][vc_column][\/vc_column][\/vc_row][vc_row disable_element=&#8220;yes&#8220;][vc_column width=&#8220;1\/2&#8243;][vc_column_text]<strong>Yamaha RIO3224-D2 <\/strong>(digital)<strong><br \/>\n<\/strong>Erweiterung f\u00fcr <a href=\"https:\/\/www.z-ton.de\/index.php\/equipment\/mischpulte\/\">Yamaha CL5<\/a><br \/>\nEing\u00e4nge: 32 | Ausg\u00e4nge: 16<br \/>\nVerbindung: LAN (Dante)[\/vc_column_text][\/vc_column][vc_column width=&#8220;1\/2&#8243;][vc_single_image image=&#8220;55952&#8243; img_size=&#8220;600&#215;280&#8243; alignment=&#8220;center&#8220;][\/vc_column][\/vc_row][vc_row disable_element=&#8220;yes&#8220;][vc_column][vc_separator color=&#8220;black&#8220; border_width=&#8220;2&#8243;][\/vc_column][\/vc_row][vc_row][vc_column width=&#8220;1\/2&#8243;][vc_column_text]<strong>Yamaha TIO1608-D <\/strong>(digital)<strong><br \/>\n<\/strong>Erweiterung f\u00fcr <a href=\"https:\/\/www.z-ton.de\/index.php\/equipment\/mischpulte\/\">Yamaha TF5<\/a><br \/>\nEing\u00e4nge: 16 | Ausg\u00e4nge: 8<br \/>\nVerbindung: LAN (Dante)[\/vc_column_text][\/vc_column][vc_column width=&#8220;1\/2&#8243;][vc_single_image image=&#8220;55954&#8243; img_size=&#8220;600&#215;129&#8243; alignment=&#8220;center&#8220;][\/vc_column][\/vc_row][vc_row][vc_column][vc_separator color=&#8220;black&#8220; border_width=&#8220;2&#8243;][\/vc_column][\/vc_row][vc_row][vc_column width=&#8220;1\/2&#8243;][vc_column_text]<strong>Midas DL16 <\/strong>(digital)<strong><br \/>\n<\/strong>Erweiterung f\u00fcr <a href=\"https:\/\/www.z-ton.de\/index.php\/equipment\/mischpulte\/\">Midas M32<\/a>, <a href=\"https:\/\/www.z-ton.de\/index.php\/equipment\/mischpulte\/\">M32R<\/a><br \/>\nEing\u00e4nge: 16 | Ausg\u00e4nge: 8<br \/>\nVerbindung: LAN (AES50)[\/vc_column_text][\/vc_column][vc_column width=&#8220;1\/2&#8243;][vc_single_image image=&#8220;55957&#8243; img_size=&#8220;600&#215;126&#8243; alignment=&#8220;center&#8220;][\/vc_column][\/vc_row][vc_row][vc_column][vc_separator color=&#8220;black&#8220; border_width=&#8220;2&#8243;][\/vc_column][\/vc_row][vc_row][vc_column width=&#8220;1\/2&#8243;][vc_column_text]<strong>Klotz PW16 <\/strong>(analog)<strong><br \/>\n<\/strong>Stagebox 15m L\u00e4nge<br \/>\nEing\u00e4nge: 16 | Ausg\u00e4nge: 0<br \/>\nVerbindung: Multicore[\/vc_column_text][\/vc_column][vc_column width=&#8220;1\/2&#8243;][vc_single_image image=&#8220;55959&#8243; img_size=&#8220;600&#215;251&#8243; alignment=&#8220;center&#8220;][\/vc_column][\/vc_row][vc_row][vc_column][vc_separator color=&#8220;black&#8220; border_width=&#8220;2&#8243;][\/vc_column][\/vc_row][vc_row][vc_column width=&#8220;1\/2&#8243;][vc_column_text]<strong>Klotz TrueLink 248 <\/strong>(analog)<strong><br \/>\n<\/strong>Stagebox 15m L\u00e4nge<br \/>\nEing\u00e4nge: 24 | Ausg\u00e4nge: 8<br \/>\nVerbindung: Multicore[\/vc_column_text][\/vc_column][vc_column width=&#8220;1\/2&#8243;][vc_single_image image=&#8220;55969&#8243; img_size=&#8220;600&#215;407&#8243; alignment=&#8220;center&#8220;][\/vc_column][\/vc_row][vc_row][vc_column][vc_separator color=&#8220;black&#8220; border_width=&#8220;2&#8243;][\/vc_column][\/vc_row][vc_row][vc_column width=&#8220;1\/2&#8243;][vc_column_text]<strong>Klotz TrueLink 328 <\/strong>(analog)<strong><br \/>\n<\/strong>Stagebox 30m L\u00e4nge<br \/>\nEing\u00e4nge: 32 | Ausg\u00e4nge: 8<br \/>\nVerbindung: Multicore[\/vc_column_text][\/vc_column][vc_column width=&#8220;1\/2&#8243;][vc_single_image image=&#8220;55965&#8243; img_size=&#8220;600&#215;497&#8243; alignment=&#8220;center&#8220;][\/vc_column][\/vc_row][vc_row][vc_column][vc_separator color=&#8220;black&#8220; border_width=&#8220;2&#8243;][\/vc_column][\/vc_row][vc_row][vc_column width=&#8220;1\/2&#8243;][vc_column_text]<strong>Klotz MIS16CH3XSP <\/strong>(analog)<strong><br \/>\n<\/strong>Splitter 16 Kan\u00e4le 1 auf 3 Y-split (1:1)<br \/>\nVerbindung: Multicore RMP[\/vc_column_text][\/vc_column][vc_column width=&#8220;1\/2&#8243;][vc_single_image image=&#8220;55975&#8243; img_size=&#8220;600&#215;154&#8243; alignment=&#8220;center&#8220;][\/vc_column][\/vc_row][vc_row][vc_column][vc_separator color=&#8220;black&#8220; border_width=&#8220;2&#8243;][\/vc_column][\/vc_row][vc_row][vc_column text_align=&#8220;text-center&#8220;][vc_btn title=&#8220;Hier gelangen Sie zur \u00dcbersicht unserer gesamten zu vermietenden Veranstaltungstechnik&#8220; shape=&#8220;round&#8220; color=&#8220;primary&#8220; link=&#8220;url:https%3A%2F%2Fwww.z-ton.de%2Findex.php%2Fequipment%2F|title:Equipment||&#8220;][\/vc_column][\/vc_row]<\/p>\n","protected":false},"excerpt":{"rendered":"<p>[vc_row css=&#8220;.vc_custom_1723060580147{margin-top: 30px !important;}&#8220;][vc_column][\/vc_column][\/vc_row][vc_row disable_element=&#8220;yes&#8220;][vc_column width=&#8220;1\/2&#8243;][vc_column_text]Yamaha RIO3224-D2 (digital) Erweiterung f\u00fcr Yamaha CL5 Eing\u00e4nge: 32 | Ausg\u00e4nge: 16 Verbindung: LAN (Dante)[\/vc_column_text][\/vc_column][vc_column width=&#8220;1\/2&#8243;][vc_single_image image=&#8220;55952&#8243; img_size=&#8220;600&#215;280&#8243; alignment=&#8220;center&#8220;][\/vc_column][\/vc_row][vc_row disable_element=&#8220;yes&#8220;][vc_column][vc_separator color=&#8220;black&#8220; border_width=&#8220;2&#8243;][\/vc_column][\/vc_row][vc_row][vc_column width=&#8220;1\/2&#8243;][vc_column_text]Yamaha TIO1608-D (digital) Erweiterung f\u00fcr Yamaha TF5 Eing\u00e4nge: 16 | Ausg\u00e4nge: 8 Verbindung: LAN (Dante)[\/vc_column_text][\/vc_column][vc_column width=&#8220;1\/2&#8243;][vc_single_image image=&#8220;55954&#8243; img_size=&#8220;600&#215;129&#8243; alignment=&#8220;center&#8220;][\/vc_column][\/vc_row][vc_row][vc_column][vc_separator color=&#8220;black&#8220; border_width=&#8220;2&#8243;][\/vc_column][\/vc_row][vc_row][vc_column width=&#8220;1\/2&#8243;][vc_column_text]Midas DL16 (digital) Erweiterung f\u00fcr Midas M32, [&hellip;]<\/p>\n","protected":false},"author":1,"featured_media":0,"parent":2,"menu_order":0,"comment_status":"closed","ping_status":"closed","template":"","meta":{"footnotes":""},"class_list":["post-55924","page","type-page","status-publish","hentry"],"_links":{"self":[{"href":"https:\/\/www.z-ton.de\/index.php\/wp-json\/wp\/v2\/pages\/55924","targetHints":{"allow":["GET"]}}],"collection":[{"href":"https:\/\/www.z-ton.de\/index.php\/wp-json\/wp\/v2\/pages"}],"about":[{"href":"https:\/\/www.z-ton.de\/index.php\/wp-json\/wp\/v2\/types\/page"}],"author":[{"embeddable":true,"href":"https:\/\/www.z-ton.de\/index.php\/wp-json\/wp\/v2\/users\/1"}],"replies":[{"embeddable":true,"href":"https:\/\/www.z-ton.de\/index.php\/wp-json\/wp\/v2\/comments?post=55924"}],"version-history":[{"count":24,"href":"https:\/\/www.z-ton.de\/index.php\/wp-json\/wp\/v2\/pages\/55924\/revisions"}],"predecessor-version":[{"id":56151,"href":"https:\/\/www.z-ton.de\/index.php\/wp-json\/wp\/v2\/pages\/55924\/revisions\/56151"}],"up":[{"embeddable":true,"href":"https:\/\/www.z-ton.de\/index.php\/wp-json\/wp\/v2\/pages\/2"}],"wp:attachment":[{"href":"https:\/\/www.z-ton.de\/index.php\/wp-json\/wp\/v2\/media?parent=55924"}],"curies":[{"name":"wp","href":"https:\/\/api.w.org\/{rel}","templated":true}]}}