{"id":55872,"date":"2024-08-05T19:05:21","date_gmt":"2024-08-05T17:05:21","guid":{"rendered":"https:\/\/www.z-ton.de\/?page_id=55872"},"modified":"2024-08-09T22:58:50","modified_gmt":"2024-08-09T20:58:50","slug":"mischpulte","status":"publish","type":"page","link":"https:\/\/www.z-ton.de\/index.php\/equipment\/mischpulte\/","title":{"rendered":"Mischpulte"},"content":{"rendered":"<p>[vc_row][vc_column css=&#8220;.vc_custom_1723046197035{margin-top: 30px !important;}&#8220;][\/vc_column][\/vc_row][vc_row disable_element=&#8220;yes&#8220; css=&#8220;.vc_custom_1723035156244{margin-top: 50px !important;}&#8220;][vc_column width=&#8220;1\/2&#8243;][vc_column_text]<strong>Yamaha CL5 <\/strong>(digital)<br \/>\nKan\u00e4le: 72 + 8 | Fader: 16, 8, 8, 2<br \/>\nErweiterbar: <a href=\"https:\/\/www.z-ton.de\/index.php\/equipment\/stageboxen-splitter\/\">RIO3224-D2<\/a>, <a href=\"https:\/\/www.z-ton.de\/index.php\/equipment\/stageboxen-splitter\/\">TIO1608-D<\/a><br \/>\nF\u00fcr gro\u00dfe Veranstaltungen, Konzerte[\/vc_column_text][\/vc_column][vc_column width=&#8220;1\/2&#8243; css=&#8220;.vc_custom_1722945657584{margin-left: 0px !important;border-left-width: 0px !important;padding-left: 0px !important;}&#8220;][vc_single_image image=&#8220;55899&#8243; img_size=&#8220;492&#215;200&#8243; alignment=&#8220;center&#8220; css=&#8220;.vc_custom_1722957878480{margin-left: 0px !important;border-left-width: 0px !important;padding-left: 0px !important;}&#8220;][\/vc_column][\/vc_row][vc_row disable_element=&#8220;yes&#8220;][vc_column][vc_separator color=&#8220;black&#8220; border_width=&#8220;2&#8243;][\/vc_column][\/vc_row][vc_row][vc_column width=&#8220;1\/2&#8243;][vc_column_text]<strong>Yamaha TF5 <\/strong>(digital)<br \/>\nKan\u00e4le: 40 + 2 | Fader: 8, 8, 8, 1<br \/>\nErweiterbar: <a href=\"https:\/\/www.z-ton.de\/index.php\/equipment\/stageboxen-splitter\/\">TIO1608-D<\/a><br \/>\nF\u00fcr gro\u00dfe Veranstaltungen, Konzerte[\/vc_column_text][\/vc_column][vc_column width=&#8220;1\/2&#8243;][vc_single_image image=&#8220;55900&#8243; img_size=&#8220;432&#215;200&#8243; alignment=&#8220;center&#8220;][\/vc_column][\/vc_row][vc_row][vc_column][vc_separator color=&#8220;black&#8220; border_width=&#8220;2&#8243;][\/vc_column][\/vc_row][vc_row][vc_column width=&#8220;1\/2&#8243;][vc_column_text]<strong>Midas M32 <\/strong>(digital)<br \/>\nKan\u00e4le: 32 | Fader: 8, 8, 8, 1<br \/>\nErweiterbar: <a href=\"https:\/\/www.z-ton.de\/index.php\/equipment\/stageboxen-splitter\/\">DL16<\/a>, DL32<br \/>\nF\u00fcr gro\u00dfe Veranstaltungen, Konzerte[\/vc_column_text][\/vc_column][vc_column width=&#8220;1\/2&#8243;][vc_single_image image=&#8220;55247&#8243; img_size=&#8220;414&#215;200&#8243; alignment=&#8220;center&#8220;][\/vc_column][\/vc_row][vc_row][vc_column][vc_separator color=&#8220;black&#8220; border_width=&#8220;2&#8243;][\/vc_column][\/vc_row][vc_row][vc_column width=&#8220;1\/2&#8243;][vc_column_text]<strong>Midas M32R <\/strong>(digital)<br \/>\nKan\u00e4le: 32 | Fader: 8, 8, 1<br \/>\nErweiterbar: <a href=\"https:\/\/www.z-ton.de\/index.php\/equipment\/stageboxen-splitter\/\">DL16<\/a>, DL32<br \/>\nF\u00fcr mittelgro\u00dfe Veranstaltungen, Konzerte[\/vc_column_text][\/vc_column][vc_column width=&#8220;1\/2&#8243;][vc_single_image image=&#8220;55904&#8243; img_size=&#8220;222&#215;200&#8243; alignment=&#8220;center&#8220;][\/vc_column][\/vc_row][vc_row][vc_column][vc_separator color=&#8220;black&#8220; border_width=&#8220;2&#8243;][\/vc_column][\/vc_row][vc_row][vc_column width=&#8220;1\/2&#8243;][vc_column_text]<strong>Dynacord PM2200 <\/strong>(analog)<br \/>\nKan\u00e4le: 18 + 4 | Fader: 16, 2, 2, 2, 2, 6<br \/>\nErweiterbar: <a href=\"https:\/\/www.z-ton.de\/index.php\/equipment\/stageboxen-splitter\/\">Stagebox<\/a><br \/>\nF\u00fcr mittelgro\u00dfe Veranstaltungen, Konzerte[\/vc_column_text][\/vc_column][vc_column width=&#8220;1\/2&#8243;][vc_single_image image=&#8220;55916&#8243; img_size=&#8220;373&#215;200&#8243; alignment=&#8220;center&#8220;][\/vc_column][\/vc_row][vc_row][vc_column][vc_separator color=&#8220;black&#8220; border_width=&#8220;2&#8243;][\/vc_column][\/vc_row][vc_row][vc_column width=&#8220;1\/2&#8243;][vc_column_text]<strong>Dynacord PM1600 <\/strong>(analog)<br \/>\nKan\u00e4le: 12 + 4 | Fader: 16, 2, 2, 2, 2<br \/>\nErweiterbar: <a href=\"https:\/\/www.z-ton.de\/index.php\/equipment\/stageboxen-splitter\/\">Stagebox<\/a><br \/>\nF\u00fcr kleine bis mittelgro\u00dfe Veranstaltungen[\/vc_column_text][\/vc_column][vc_column width=&#8220;1\/2&#8243;][vc_single_image image=&#8220;55934&#8243; img_size=&#8220;299&#215;200&#8243; alignment=&#8220;center&#8220;][\/vc_column][\/vc_row][vc_row][vc_column][vc_separator color=&#8220;black&#8220; border_width=&#8220;2&#8243;][\/vc_column][\/vc_row][vc_row][vc_column width=&#8220;1\/2&#8243;][vc_column_text]<strong>Dynacord PM1000 <\/strong>(analog)<br \/>\nKan\u00e4le: 6 + 4 | Fader: 10, 2, 2, 2, 2<br \/>\nErweiterbar: <a href=\"https:\/\/www.z-ton.de\/index.php\/equipment\/stageboxen-splitter\/\">Stagebox<\/a><br \/>\nF\u00fcr kleine Veranstaltungen[\/vc_column_text][\/vc_column][vc_column width=&#8220;1\/2&#8243;][vc_single_image image=&#8220;55949&#8243; img_size=&#8220;300&#215;200&#8243; alignment=&#8220;center&#8220;][\/vc_column][\/vc_row][vc_row][vc_column][vc_separator color=&#8220;black&#8220; border_width=&#8220;2&#8243;][\/vc_column][\/vc_row][vc_row][vc_column width=&#8220;1\/2&#8243;][vc_column_text]<strong>Dynacord CMS2200 <\/strong>(analog)<br \/>\nKan\u00e4le: 18 + 4 | Fader: 16, 2, 2, 2, 2, 6<br \/>\nErweiterbar: <a href=\"https:\/\/www.z-ton.de\/index.php\/equipment\/stageboxen-splitter\/\">Stagebox<\/a><br \/>\nF\u00fcr gr\u00f6\u00dfere Veranstaltungen, Konzerte[\/vc_column_text][\/vc_column][vc_column width=&#8220;1\/2&#8243;][vc_single_image image=&#8220;55933&#8243; img_size=&#8220;359&#215;200&#8243; alignment=&#8220;center&#8220;][\/vc_column][\/vc_row][vc_row][vc_column][vc_separator color=&#8220;black&#8220; border_width=&#8220;2&#8243;][\/vc_column][\/vc_row][vc_row][vc_column width=&#8220;1\/2&#8243;][vc_column_text]<strong>Dynacord CMS1000 <\/strong>(analog)<br \/>\nKan\u00e4le: 6 + 4 | Fader: 10, 2, 2, 2, 2<br \/>\nErweiterbar: <a href=\"https:\/\/www.z-ton.de\/index.php\/equipment\/stageboxen-splitter\/\">Stagebox<\/a><br \/>\nF\u00fcr kleine Veranstaltungen[\/vc_column_text][\/vc_column][vc_column width=&#8220;1\/2&#8243;][vc_single_image image=&#8220;55932&#8243; img_size=&#8220;223&#215;200&#8243; alignment=&#8220;center&#8220;][\/vc_column][\/vc_row][vc_row][vc_column][vc_separator color=&#8220;black&#8220; border_width=&#8220;2&#8243;][\/vc_column][\/vc_row][vc_row][vc_column width=&#8220;1\/2&#8243;][vc_column_text]<strong>Pioneer DJM 900 Nexus 2<\/strong><br \/>\nKan\u00e4le: 4 | Fader: 5<br \/>\nEQ: 3-Band inkl. Soundeffekte<br \/>\nF\u00fcr DJs in Clubs und auf Festivals[\/vc_column_text][\/vc_column][vc_column width=&#8220;1\/2&#8243;][vc_single_image image=&#8220;56201&#8243; img_size=&#8220;179&#215;150&#8243; alignment=&#8220;center&#8220;][\/vc_column][\/vc_row][vc_row][vc_column][vc_separator color=&#8220;black&#8220; border_width=&#8220;2&#8243;][\/vc_column][\/vc_row][vc_row][vc_column text_align=&#8220;text-center&#8220;][vc_btn title=&#8220;Hier gelangen Sie zur \u00dcbersicht unserer gesamten zu vermietenden Veranstaltungstechnik&#8220; shape=&#8220;round&#8220; color=&#8220;primary&#8220; link=&#8220;url:https%3A%2F%2Fwww.z-ton.de%2Findex.php%2Fequipment%2F|title:Equipment||&#8220;][\/vc_column][\/vc_row]<\/p>\n","protected":false},"excerpt":{"rendered":"<p>[vc_row][vc_column css=&#8220;.vc_custom_1723046197035{margin-top: 30px !important;}&#8220;][\/vc_column][\/vc_row][vc_row disable_element=&#8220;yes&#8220; css=&#8220;.vc_custom_1723035156244{margin-top: 50px !important;}&#8220;][vc_column width=&#8220;1\/2&#8243;][vc_column_text]Yamaha CL5 (digital) Kan\u00e4le: 72 + 8 | Fader: 16, 8, 8, 2 Erweiterbar: RIO3224-D2, TIO1608-D F\u00fcr gro\u00dfe Veranstaltungen, Konzerte[\/vc_column_text][\/vc_column][vc_column width=&#8220;1\/2&#8243; css=&#8220;.vc_custom_1722945657584{margin-left: 0px !important;border-left-width: 0px !important;padding-left: 0px !important;}&#8220;][vc_single_image image=&#8220;55899&#8243; img_size=&#8220;492&#215;200&#8243; alignment=&#8220;center&#8220; css=&#8220;.vc_custom_1722957878480{margin-left: 0px !important;border-left-width: 0px !important;padding-left: 0px !important;}&#8220;][\/vc_column][\/vc_row][vc_row disable_element=&#8220;yes&#8220;][vc_column][vc_separator color=&#8220;black&#8220; border_width=&#8220;2&#8243;][\/vc_column][\/vc_row][vc_row][vc_column width=&#8220;1\/2&#8243;][vc_column_text]Yamaha TF5 (digital) Kan\u00e4le: 40 + [&hellip;]<\/p>\n","protected":false},"author":1,"featured_media":0,"parent":2,"menu_order":0,"comment_status":"closed","ping_status":"closed","template":"","meta":{"footnotes":""},"class_list":["post-55872","page","type-page","status-publish","hentry"],"_links":{"self":[{"href":"https:\/\/www.z-ton.de\/index.php\/wp-json\/wp\/v2\/pages\/55872","targetHints":{"allow":["GET"]}}],"collection":[{"href":"https:\/\/www.z-ton.de\/index.php\/wp-json\/wp\/v2\/pages"}],"about":[{"href":"https:\/\/www.z-ton.de\/index.php\/wp-json\/wp\/v2\/types\/page"}],"author":[{"embeddable":true,"href":"https:\/\/www.z-ton.de\/index.php\/wp-json\/wp\/v2\/users\/1"}],"replies":[{"embeddable":true,"href":"https:\/\/www.z-ton.de\/index.php\/wp-json\/wp\/v2\/comments?post=55872"}],"version-history":[{"count":68,"href":"https:\/\/www.z-ton.de\/index.php\/wp-json\/wp\/v2\/pages\/55872\/revisions"}],"predecessor-version":[{"id":56203,"href":"https:\/\/www.z-ton.de\/index.php\/wp-json\/wp\/v2\/pages\/55872\/revisions\/56203"}],"up":[{"embeddable":true,"href":"https:\/\/www.z-ton.de\/index.php\/wp-json\/wp\/v2\/pages\/2"}],"wp:attachment":[{"href":"https:\/\/www.z-ton.de\/index.php\/wp-json\/wp\/v2\/media?parent=55872"}],"curies":[{"name":"wp","href":"https:\/\/api.w.org\/{rel}","templated":true}]}}