{"id":5,"date":"2016-04-12T13:01:07","date_gmt":"2016-04-12T11:01:07","guid":{"rendered":"http:\/\/zton.pixellamer.com\/?page_id=5"},"modified":"2024-08-15T21:39:23","modified_gmt":"2024-08-15T19:39:23","slug":"led-waende","status":"publish","type":"page","link":"https:\/\/www.z-ton.de\/index.php\/led-waende\/","title":{"rendered":"LED-Videow\u00e4nde"},"content":{"rendered":"<div class=\"container py-5\"><div class=\"row\"><div class=\"col\"><p><strong>Verleih mobiler Videow\u00e4nde<\/strong><br \/>\nMit unseren skalierbaren und portablen LED-W\u00e4nden f\u00fcr den In- und Outdoor-Einsatz ist man f\u00fcr alle Arten von Veranstaltungen ger\u00fcstet: Zum Beispiel Public Viewing oder Mediendarstellungen im Rahmen von Konferenzen, Club-Events oder Gro\u00dfbild\u00fcbertragung bei Konzerten.<\/p>\n<p><strong>Festinstallationen<\/strong><br \/>\nIn unserem Leistungsumfang bieten wir auch die sichere Festinstallation der Videow\u00e4nde nach Wunschformat und in Abh\u00e4ngigkeit von Modulanzahl und gesamter Bildaufl\u00f6sung. Hierzu beraten wir Sie gerne im Vorfeld und stellen Ihnen ein Angebot rund um den Kauf, die Montage und Inbetriebnahme. Selbstverst\u00e4ndlich stehen wir Ihnen auch f\u00fcr die Betreuung, Upgrade und Wartung der Anlage zur Verf\u00fcgung.<\/p>\n\n\t\t<style type=\"text\/css\">\n\t\t\t#gallery-1 {\n\t\t\t\tmargin: auto;\n\t\t\t}\n\t\t\t#gallery-1 .gallery-item {\n\t\t\t\tfloat: left;\n\t\t\t\tmargin-top: 10px;\n\t\t\t\ttext-align: center;\n\t\t\t\twidth: 25%;\n\t\t\t}\n\t\t\t#gallery-1 img {\n\t\t\t\tborder: 2px solid #cfcfcf;\n\t\t\t}\n\t\t\t#gallery-1 .gallery-caption {\n\t\t\t\tmargin-left: 0;\n\t\t\t}\n\t\t\t\/* see gallery_shortcode() in wp-includes\/media.php *\/\n\t\t<\/style>\n\t\t<div id='gallery-1' class='gallery galleryid-5 gallery-columns-4 gallery-size-thumbnail'><dl class='gallery-item'>\n\t\t\t<dt class='gallery-icon landscape'>\n\t\t\t\t<a href='https:\/\/www.z-ton.de\/wp-content\/uploads\/2016\/04\/WhatsApp-Image-20160508-7.jpg' data-lightbox=\"lightbox[5]\"><img loading=\"lazy\" decoding=\"async\" width=\"150\" height=\"150\" src=\"https:\/\/www.z-ton.de\/wp-content\/uploads\/2016\/04\/WhatsApp-Image-20160508-7-150x150.jpg\" class=\"attachment-thumbnail size-thumbnail\" alt=\"\" srcset=\"https:\/\/www.z-ton.de\/wp-content\/uploads\/2016\/04\/WhatsApp-Image-20160508-7-150x150.jpg 150w, https:\/\/www.z-ton.de\/wp-content\/uploads\/2016\/04\/WhatsApp-Image-20160508-7-140x140.jpg 140w, https:\/\/www.z-ton.de\/wp-content\/uploads\/2016\/04\/WhatsApp-Image-20160508-7-74x74.jpg 74w, https:\/\/www.z-ton.de\/wp-content\/uploads\/2016\/04\/WhatsApp-Image-20160508-7-184x184.jpg 184w\" sizes=\"auto, (max-width: 150px) 100vw, 150px\" \/><\/a>\n\t\t\t<\/dt><\/dl><dl class='gallery-item'>\n\t\t\t<dt class='gallery-icon landscape'>\n\t\t\t\t<a href='https:\/\/www.z-ton.de\/wp-content\/uploads\/2016\/04\/WhatsApp-Image-20160508-5.jpg' data-lightbox=\"lightbox[5]\"><img loading=\"lazy\" decoding=\"async\" width=\"150\" height=\"150\" src=\"https:\/\/www.z-ton.de\/wp-content\/uploads\/2016\/04\/WhatsApp-Image-20160508-5-150x150.jpg\" class=\"attachment-thumbnail size-thumbnail\" alt=\"\" srcset=\"https:\/\/www.z-ton.de\/wp-content\/uploads\/2016\/04\/WhatsApp-Image-20160508-5-150x150.jpg 150w, https:\/\/www.z-ton.de\/wp-content\/uploads\/2016\/04\/WhatsApp-Image-20160508-5-140x140.jpg 140w, https:\/\/www.z-ton.de\/wp-content\/uploads\/2016\/04\/WhatsApp-Image-20160508-5-74x74.jpg 74w, https:\/\/www.z-ton.de\/wp-content\/uploads\/2016\/04\/WhatsApp-Image-20160508-5-184x184.jpg 184w\" sizes=\"auto, (max-width: 150px) 100vw, 150px\" \/><\/a>\n\t\t\t<\/dt><\/dl><dl class='gallery-item'>\n\t\t\t<dt class='gallery-icon landscape'>\n\t\t\t\t<a href='https:\/\/www.z-ton.de\/wp-content\/uploads\/2016\/04\/65f7beda-5995-4c18-af18-deb6c3b6c9ac.jpg' data-lightbox=\"lightbox[5]\"><img loading=\"lazy\" decoding=\"async\" width=\"150\" height=\"150\" src=\"https:\/\/www.z-ton.de\/wp-content\/uploads\/2016\/04\/65f7beda-5995-4c18-af18-deb6c3b6c9ac-150x150.jpg\" class=\"attachment-thumbnail size-thumbnail\" alt=\"\" srcset=\"https:\/\/www.z-ton.de\/wp-content\/uploads\/2016\/04\/65f7beda-5995-4c18-af18-deb6c3b6c9ac-150x150.jpg 150w, https:\/\/www.z-ton.de\/wp-content\/uploads\/2016\/04\/65f7beda-5995-4c18-af18-deb6c3b6c9ac-140x140.jpg 140w, https:\/\/www.z-ton.de\/wp-content\/uploads\/2016\/04\/65f7beda-5995-4c18-af18-deb6c3b6c9ac-74x74.jpg 74w, https:\/\/www.z-ton.de\/wp-content\/uploads\/2016\/04\/65f7beda-5995-4c18-af18-deb6c3b6c9ac-184x184.jpg 184w\" sizes=\"auto, (max-width: 150px) 100vw, 150px\" \/><\/a>\n\t\t\t<\/dt><\/dl><dl class='gallery-item'>\n\t\t\t<dt class='gallery-icon landscape'>\n\t\t\t\t<a href='https:\/\/www.z-ton.de\/wp-content\/uploads\/2016\/04\/IMG_5861-e1461780602920.jpg' data-lightbox=\"lightbox[5]\"><img loading=\"lazy\" decoding=\"async\" width=\"150\" height=\"150\" src=\"https:\/\/www.z-ton.de\/wp-content\/uploads\/2016\/04\/IMG_5861-e1461780602920-150x150.jpg\" class=\"attachment-thumbnail size-thumbnail\" alt=\"\" srcset=\"https:\/\/www.z-ton.de\/wp-content\/uploads\/2016\/04\/IMG_5861-e1461780602920-150x150.jpg 150w, https:\/\/www.z-ton.de\/wp-content\/uploads\/2016\/04\/IMG_5861-e1461780602920-140x140.jpg 140w, https:\/\/www.z-ton.de\/wp-content\/uploads\/2016\/04\/IMG_5861-e1461780602920-74x74.jpg 74w, https:\/\/www.z-ton.de\/wp-content\/uploads\/2016\/04\/IMG_5861-e1461780602920-184x184.jpg 184w\" sizes=\"auto, (max-width: 150px) 100vw, 150px\" \/><\/a>\n\t\t\t<\/dt><\/dl><br style=\"clear: both\" \/><dl class='gallery-item'>\n\t\t\t<dt class='gallery-icon landscape'>\n\t\t\t\t<a href='https:\/\/www.z-ton.de\/wp-content\/uploads\/2016\/04\/WhatsApp-Image-20160512-3.jpg' data-lightbox=\"lightbox[5]\"><img loading=\"lazy\" decoding=\"async\" width=\"150\" height=\"150\" src=\"https:\/\/www.z-ton.de\/wp-content\/uploads\/2016\/04\/WhatsApp-Image-20160512-3-150x150.jpg\" class=\"attachment-thumbnail size-thumbnail\" alt=\"\" srcset=\"https:\/\/www.z-ton.de\/wp-content\/uploads\/2016\/04\/WhatsApp-Image-20160512-3-150x150.jpg 150w, https:\/\/www.z-ton.de\/wp-content\/uploads\/2016\/04\/WhatsApp-Image-20160512-3-140x140.jpg 140w, https:\/\/www.z-ton.de\/wp-content\/uploads\/2016\/04\/WhatsApp-Image-20160512-3-74x74.jpg 74w, https:\/\/www.z-ton.de\/wp-content\/uploads\/2016\/04\/WhatsApp-Image-20160512-3-184x184.jpg 184w\" sizes=\"auto, (max-width: 150px) 100vw, 150px\" \/><\/a>\n\t\t\t<\/dt><\/dl><dl class='gallery-item'>\n\t\t\t<dt class='gallery-icon landscape'>\n\t\t\t\t<a href='https:\/\/www.z-ton.de\/wp-content\/uploads\/2016\/04\/IMG_5860-e1461780631961.jpg' data-lightbox=\"lightbox[5]\"><img loading=\"lazy\" decoding=\"async\" width=\"150\" height=\"150\" src=\"https:\/\/www.z-ton.de\/wp-content\/uploads\/2016\/04\/IMG_5860-e1461780631961-150x150.jpg\" class=\"attachment-thumbnail size-thumbnail\" alt=\"\" srcset=\"https:\/\/www.z-ton.de\/wp-content\/uploads\/2016\/04\/IMG_5860-e1461780631961-150x150.jpg 150w, https:\/\/www.z-ton.de\/wp-content\/uploads\/2016\/04\/IMG_5860-e1461780631961-140x140.jpg 140w, https:\/\/www.z-ton.de\/wp-content\/uploads\/2016\/04\/IMG_5860-e1461780631961-74x74.jpg 74w, https:\/\/www.z-ton.de\/wp-content\/uploads\/2016\/04\/IMG_5860-e1461780631961-184x184.jpg 184w\" sizes=\"auto, (max-width: 150px) 100vw, 150px\" \/><\/a>\n\t\t\t<\/dt><\/dl><dl class='gallery-item'>\n\t\t\t<dt class='gallery-icon portrait'>\n\t\t\t\t<a href='https:\/\/www.z-ton.de\/wp-content\/uploads\/2016\/04\/IMG_1050-e1461778876461.jpg' data-lightbox=\"lightbox[5]\"><img loading=\"lazy\" decoding=\"async\" width=\"150\" height=\"150\" src=\"https:\/\/www.z-ton.de\/wp-content\/uploads\/2016\/04\/IMG_1050-e1461778876461-150x150.jpg\" class=\"attachment-thumbnail size-thumbnail\" alt=\"\" srcset=\"https:\/\/www.z-ton.de\/wp-content\/uploads\/2016\/04\/IMG_1050-e1461778876461-150x150.jpg 150w, https:\/\/www.z-ton.de\/wp-content\/uploads\/2016\/04\/IMG_1050-e1461778876461-140x140.jpg 140w, https:\/\/www.z-ton.de\/wp-content\/uploads\/2016\/04\/IMG_1050-e1461778876461-74x74.jpg 74w, https:\/\/www.z-ton.de\/wp-content\/uploads\/2016\/04\/IMG_1050-e1461778876461-184x184.jpg 184w\" sizes=\"auto, (max-width: 150px) 100vw, 150px\" \/><\/a>\n\t\t\t<\/dt><\/dl><dl class='gallery-item'>\n\t\t\t<dt class='gallery-icon landscape'>\n\t\t\t\t<a href='https:\/\/www.z-ton.de\/wp-content\/uploads\/2016\/04\/IMG_1280-e1461777201670.jpg' data-lightbox=\"lightbox[5]\"><img loading=\"lazy\" decoding=\"async\" width=\"150\" height=\"150\" src=\"https:\/\/www.z-ton.de\/wp-content\/uploads\/2016\/04\/IMG_1280-e1461777201670-150x150.jpg\" class=\"attachment-thumbnail size-thumbnail\" alt=\"\" srcset=\"https:\/\/www.z-ton.de\/wp-content\/uploads\/2016\/04\/IMG_1280-e1461777201670-150x150.jpg 150w, https:\/\/www.z-ton.de\/wp-content\/uploads\/2016\/04\/IMG_1280-e1461777201670-140x140.jpg 140w, https:\/\/www.z-ton.de\/wp-content\/uploads\/2016\/04\/IMG_1280-e1461777201670-74x74.jpg 74w, https:\/\/www.z-ton.de\/wp-content\/uploads\/2016\/04\/IMG_1280-e1461777201670-184x184.jpg 184w\" sizes=\"auto, (max-width: 150px) 100vw, 150px\" \/><\/a>\n\t\t\t<\/dt><\/dl><br style=\"clear: both\" \/><dl class='gallery-item'>\n\t\t\t<dt class='gallery-icon landscape'>\n\t\t\t\t<a href='https:\/\/www.z-ton.de\/wp-content\/uploads\/2016\/04\/WhatsApp-Image-20160512.jpg' data-lightbox=\"lightbox[5]\"><img loading=\"lazy\" decoding=\"async\" width=\"150\" height=\"150\" src=\"https:\/\/www.z-ton.de\/wp-content\/uploads\/2016\/04\/WhatsApp-Image-20160512-150x150.jpg\" class=\"attachment-thumbnail size-thumbnail\" alt=\"\" srcset=\"https:\/\/www.z-ton.de\/wp-content\/uploads\/2016\/04\/WhatsApp-Image-20160512-150x150.jpg 150w, https:\/\/www.z-ton.de\/wp-content\/uploads\/2016\/04\/WhatsApp-Image-20160512-140x140.jpg 140w, https:\/\/www.z-ton.de\/wp-content\/uploads\/2016\/04\/WhatsApp-Image-20160512-74x74.jpg 74w, https:\/\/www.z-ton.de\/wp-content\/uploads\/2016\/04\/WhatsApp-Image-20160512-184x184.jpg 184w\" sizes=\"auto, (max-width: 150px) 100vw, 150px\" \/><\/a>\n\t\t\t<\/dt><\/dl><dl class='gallery-item'>\n\t\t\t<dt class='gallery-icon portrait'>\n\t\t\t\t<a href='https:\/\/www.z-ton.de\/wp-content\/uploads\/2016\/04\/IMG_4452-e1461778997112.jpg' data-lightbox=\"lightbox[5]\"><img loading=\"lazy\" decoding=\"async\" width=\"150\" height=\"150\" src=\"https:\/\/www.z-ton.de\/wp-content\/uploads\/2016\/04\/IMG_4452-e1461778997112-150x150.jpg\" class=\"attachment-thumbnail size-thumbnail\" alt=\"\" srcset=\"https:\/\/www.z-ton.de\/wp-content\/uploads\/2016\/04\/IMG_4452-e1461778997112-150x150.jpg 150w, https:\/\/www.z-ton.de\/wp-content\/uploads\/2016\/04\/IMG_4452-e1461778997112-140x140.jpg 140w, https:\/\/www.z-ton.de\/wp-content\/uploads\/2016\/04\/IMG_4452-e1461778997112-74x74.jpg 74w, https:\/\/www.z-ton.de\/wp-content\/uploads\/2016\/04\/IMG_4452-e1461778997112-184x184.jpg 184w\" sizes=\"auto, (max-width: 150px) 100vw, 150px\" \/><\/a>\n\t\t\t<\/dt><\/dl><dl class='gallery-item'>\n\t\t\t<dt class='gallery-icon portrait'>\n\t\t\t\t<a href='https:\/\/www.z-ton.de\/wp-content\/uploads\/2016\/04\/IMG_5195.jpg' data-lightbox=\"lightbox[5]\"><img loading=\"lazy\" decoding=\"async\" width=\"150\" height=\"150\" src=\"https:\/\/www.z-ton.de\/wp-content\/uploads\/2016\/04\/IMG_5195-150x150.jpg\" class=\"attachment-thumbnail size-thumbnail\" alt=\"\" srcset=\"https:\/\/www.z-ton.de\/wp-content\/uploads\/2016\/04\/IMG_5195-150x150.jpg 150w, https:\/\/www.z-ton.de\/wp-content\/uploads\/2016\/04\/IMG_5195-140x140.jpg 140w, https:\/\/www.z-ton.de\/wp-content\/uploads\/2016\/04\/IMG_5195-74x74.jpg 74w, https:\/\/www.z-ton.de\/wp-content\/uploads\/2016\/04\/IMG_5195-184x184.jpg 184w\" sizes=\"auto, (max-width: 150px) 100vw, 150px\" \/><\/a>\n\t\t\t<\/dt><\/dl><dl class='gallery-item'>\n\t\t\t<dt class='gallery-icon landscape'>\n\t\t\t\t<a href='https:\/\/www.z-ton.de\/wp-content\/uploads\/2016\/04\/IMG_5856-e1461776731436.jpg' data-lightbox=\"lightbox[5]\"><img loading=\"lazy\" decoding=\"async\" width=\"150\" height=\"150\" src=\"https:\/\/www.z-ton.de\/wp-content\/uploads\/2016\/04\/IMG_5856-e1461776731436-150x150.jpg\" class=\"attachment-thumbnail size-thumbnail\" alt=\"\" srcset=\"https:\/\/www.z-ton.de\/wp-content\/uploads\/2016\/04\/IMG_5856-e1461776731436-150x150.jpg 150w, https:\/\/www.z-ton.de\/wp-content\/uploads\/2016\/04\/IMG_5856-e1461776731436-140x140.jpg 140w, https:\/\/www.z-ton.de\/wp-content\/uploads\/2016\/04\/IMG_5856-e1461776731436-74x74.jpg 74w, https:\/\/www.z-ton.de\/wp-content\/uploads\/2016\/04\/IMG_5856-e1461776731436-184x184.jpg 184w\" sizes=\"auto, (max-width: 150px) 100vw, 150px\" \/><\/a>\n\t\t\t<\/dt><\/dl><br style=\"clear: both\" \/><dl class='gallery-item'>\n\t\t\t<dt class='gallery-icon portrait'>\n\t\t\t\t<a href='https:\/\/www.z-ton.de\/wp-content\/uploads\/2016\/04\/IMG_1040.jpg' data-lightbox=\"lightbox[5]\"><img loading=\"lazy\" decoding=\"async\" width=\"150\" height=\"150\" src=\"https:\/\/www.z-ton.de\/wp-content\/uploads\/2016\/04\/IMG_1040-150x150.jpg\" class=\"attachment-thumbnail size-thumbnail\" alt=\"\" srcset=\"https:\/\/www.z-ton.de\/wp-content\/uploads\/2016\/04\/IMG_1040-150x150.jpg 150w, https:\/\/www.z-ton.de\/wp-content\/uploads\/2016\/04\/IMG_1040-140x140.jpg 140w, https:\/\/www.z-ton.de\/wp-content\/uploads\/2016\/04\/IMG_1040-74x74.jpg 74w, https:\/\/www.z-ton.de\/wp-content\/uploads\/2016\/04\/IMG_1040-184x184.jpg 184w\" sizes=\"auto, (max-width: 150px) 100vw, 150px\" \/><\/a>\n\t\t\t<\/dt><\/dl><dl class='gallery-item'>\n\t\t\t<dt class='gallery-icon landscape'>\n\t\t\t\t<a href='https:\/\/www.z-ton.de\/wp-content\/uploads\/2016\/04\/IMG_5859-e1461776704106.jpg' data-lightbox=\"lightbox[5]\"><img loading=\"lazy\" decoding=\"async\" width=\"150\" height=\"150\" src=\"https:\/\/www.z-ton.de\/wp-content\/uploads\/2016\/04\/IMG_5859-e1461776704106-150x150.jpg\" class=\"attachment-thumbnail size-thumbnail\" alt=\"\" srcset=\"https:\/\/www.z-ton.de\/wp-content\/uploads\/2016\/04\/IMG_5859-e1461776704106-150x150.jpg 150w, https:\/\/www.z-ton.de\/wp-content\/uploads\/2016\/04\/IMG_5859-e1461776704106-140x140.jpg 140w, https:\/\/www.z-ton.de\/wp-content\/uploads\/2016\/04\/IMG_5859-e1461776704106-74x74.jpg 74w, https:\/\/www.z-ton.de\/wp-content\/uploads\/2016\/04\/IMG_5859-e1461776704106-184x184.jpg 184w\" sizes=\"auto, (max-width: 150px) 100vw, 150px\" \/><\/a>\n\t\t\t<\/dt><\/dl><dl class='gallery-item'>\n\t\t\t<dt class='gallery-icon landscape'>\n\t\t\t\t<a href='https:\/\/www.z-ton.de\/wp-content\/uploads\/2016\/04\/Line-Array-LED.jpg' data-lightbox=\"lightbox[5]\"><img loading=\"lazy\" decoding=\"async\" width=\"150\" height=\"150\" src=\"https:\/\/www.z-ton.de\/wp-content\/uploads\/2016\/04\/Line-Array-LED-150x150.jpg\" class=\"attachment-thumbnail size-thumbnail\" alt=\"\" srcset=\"https:\/\/www.z-ton.de\/wp-content\/uploads\/2016\/04\/Line-Array-LED-150x150.jpg 150w, https:\/\/www.z-ton.de\/wp-content\/uploads\/2016\/04\/Line-Array-LED-140x140.jpg 140w, https:\/\/www.z-ton.de\/wp-content\/uploads\/2016\/04\/Line-Array-LED-74x74.jpg 74w, https:\/\/www.z-ton.de\/wp-content\/uploads\/2016\/04\/Line-Array-LED-184x184.jpg 184w\" sizes=\"auto, (max-width: 150px) 100vw, 150px\" \/><\/a>\n\t\t\t<\/dt><\/dl><dl class='gallery-item'>\n\t\t\t<dt class='gallery-icon portrait'>\n\t\t\t\t<a href='https:\/\/www.z-ton.de\/wp-content\/uploads\/2016\/04\/IMG_5214-e1461779116431.jpg' data-lightbox=\"lightbox[5]\"><img loading=\"lazy\" decoding=\"async\" width=\"150\" height=\"150\" src=\"https:\/\/www.z-ton.de\/wp-content\/uploads\/2016\/04\/IMG_5214-e1461779116431-150x150.jpg\" class=\"attachment-thumbnail size-thumbnail\" alt=\"\" srcset=\"https:\/\/www.z-ton.de\/wp-content\/uploads\/2016\/04\/IMG_5214-e1461779116431-150x150.jpg 150w, https:\/\/www.z-ton.de\/wp-content\/uploads\/2016\/04\/IMG_5214-e1461779116431-140x140.jpg 140w, https:\/\/www.z-ton.de\/wp-content\/uploads\/2016\/04\/IMG_5214-e1461779116431-74x74.jpg 74w, https:\/\/www.z-ton.de\/wp-content\/uploads\/2016\/04\/IMG_5214-e1461779116431-184x184.jpg 184w\" sizes=\"auto, (max-width: 150px) 100vw, 150px\" \/><\/a>\n\t\t\t<\/dt><\/dl><br style=\"clear: both\" \/>\n\t\t<\/div>\n\n<\/div><\/div><\/div>","protected":false},"excerpt":{"rendered":"<p>Verleih mobiler Videow\u00e4nde Mit unseren skalierbaren und portablen LED-W\u00e4nden f\u00fcr den In- und Outdoor-Einsatz ist man f\u00fcr alle Arten von Veranstaltungen ger\u00fcstet: Zum Beispiel Public Viewing oder Mediendarstellungen im Rahmen von Konferenzen, Club-Events oder Gro\u00dfbild\u00fcbertragung bei Konzerten. Festinstallationen In unserem Leistungsumfang bieten wir auch die sichere Festinstallation der Videow\u00e4nde nach Wunschformat und in Abh\u00e4ngigkeit von [&hellip;]<\/p>\n","protected":false},"author":1,"featured_media":202,"parent":0,"menu_order":0,"comment_status":"closed","ping_status":"closed","template":"","meta":{"footnotes":""},"class_list":["post-5","page","type-page","status-publish","has-post-thumbnail","hentry"],"_links":{"self":[{"href":"https:\/\/www.z-ton.de\/index.php\/wp-json\/wp\/v2\/pages\/5","targetHints":{"allow":["GET"]}}],"collection":[{"href":"https:\/\/www.z-ton.de\/index.php\/wp-json\/wp\/v2\/pages"}],"about":[{"href":"https:\/\/www.z-ton.de\/index.php\/wp-json\/wp\/v2\/types\/page"}],"author":[{"embeddable":true,"href":"https:\/\/www.z-ton.de\/index.php\/wp-json\/wp\/v2\/users\/1"}],"replies":[{"embeddable":true,"href":"https:\/\/www.z-ton.de\/index.php\/wp-json\/wp\/v2\/comments?post=5"}],"version-history":[{"count":14,"href":"https:\/\/www.z-ton.de\/index.php\/wp-json\/wp\/v2\/pages\/5\/revisions"}],"predecessor-version":[{"id":56346,"href":"https:\/\/www.z-ton.de\/index.php\/wp-json\/wp\/v2\/pages\/5\/revisions\/56346"}],"wp:featuredmedia":[{"embeddable":true,"href":"https:\/\/www.z-ton.de\/index.php\/wp-json\/wp\/v2\/media\/202"}],"wp:attachment":[{"href":"https:\/\/www.z-ton.de\/index.php\/wp-json\/wp\/v2\/media?parent=5"}],"curies":[{"name":"wp","href":"https:\/\/api.w.org\/{rel}","templated":true}]}}