{"id":29,"date":"2016-04-14T20:52:47","date_gmt":"2016-04-14T18:52:47","guid":{"rendered":"http:\/\/zton.pixellamer.com\/?page_id=29"},"modified":"2025-03-01T10:54:32","modified_gmt":"2025-03-01T09:54:32","slug":"backline-instrumente","status":"publish","type":"page","link":"https:\/\/www.z-ton.de\/index.php\/backline-instrumente\/","title":{"rendered":"Backline &#038; Instrumente"},"content":{"rendered":"<p>[vc_row][vc_column][vc_column_text]<img loading=\"lazy\" decoding=\"async\" class=\"lazyload size-full wp-image-177 aligncenter\" src=\"https:\/\/www.z-ton.de\/wp-content\/uploads\/2016\/04\/5fmvq3sd.wfu_-e1461778727619.jpg\" alt=\"5fmvq3sd.wfu\" width=\"873\" height=\"477\" srcset=\"https:\/\/www.z-ton.de\/wp-content\/uploads\/2016\/04\/5fmvq3sd.wfu_-e1461778727619.jpg 873w, https:\/\/www.z-ton.de\/wp-content\/uploads\/2016\/04\/5fmvq3sd.wfu_-e1461778727619-300x164.jpg 300w, https:\/\/www.z-ton.de\/wp-content\/uploads\/2016\/04\/5fmvq3sd.wfu_-e1461778727619-768x420.jpg 768w\" sizes=\"auto, (max-width: 873px) 100vw, 873px\" \/><\/p>\n<p>Sie suchen das passende Musikinstrument zur Anmietung? In unserem umfangreichen Sortiment finden Sie nahezu alle Musikinstrumente, besondere Verst\u00e4rker wie Mesa Boogie, Fender und mehr, aber auch Gro\u00dfinstrumente wie Pianos, Hammond-Orgeln, Schlagzeuge und Streichinstrumente kommen nicht zu kurz.<\/p>\n<p>Vollst\u00e4ndige Bandausstattungen sowie der Verleih einzelner Instrumente ist jederzeit nach Absprache m\u00f6glich. Kontaktieren Sie uns auch in Notf\u00e4llen.<\/p>\n<p>In unserem Gitarren Sortiment finden Sie unter anderem auch Hersteller wie Gibson Custom, Fender Stratocaster, Gretsch und Paul Reed Smith. Weitere Details finden Sie in unserem <a href=\"https:\/\/www.z-ton.de\/index.php\/backline-instrumente\/gitarren\/\">Gitarrensortiment<\/a>[\/vc_column_text][\/vc_column][\/vc_row]<\/p>\n","protected":false},"excerpt":{"rendered":"<p>[vc_row][vc_column][vc_column_text] Sie suchen das passende Musikinstrument zur Anmietung? In unserem umfangreichen Sortiment finden Sie nahezu alle Musikinstrumente, besondere Verst\u00e4rker wie Mesa Boogie, Fender und mehr, aber auch Gro\u00dfinstrumente wie Pianos, Hammond-Orgeln, Schlagzeuge und Streichinstrumente kommen nicht zu kurz. Vollst\u00e4ndige Bandausstattungen sowie der Verleih einzelner Instrumente ist jederzeit nach Absprache m\u00f6glich. Kontaktieren Sie uns auch in [&hellip;]<\/p>\n","protected":false},"author":1,"featured_media":0,"parent":0,"menu_order":0,"comment_status":"closed","ping_status":"closed","template":"","meta":{"footnotes":""},"class_list":["post-29","page","type-page","status-publish","hentry"],"_links":{"self":[{"href":"https:\/\/www.z-ton.de\/index.php\/wp-json\/wp\/v2\/pages\/29","targetHints":{"allow":["GET"]}}],"collection":[{"href":"https:\/\/www.z-ton.de\/index.php\/wp-json\/wp\/v2\/pages"}],"about":[{"href":"https:\/\/www.z-ton.de\/index.php\/wp-json\/wp\/v2\/types\/page"}],"author":[{"embeddable":true,"href":"https:\/\/www.z-ton.de\/index.php\/wp-json\/wp\/v2\/users\/1"}],"replies":[{"embeddable":true,"href":"https:\/\/www.z-ton.de\/index.php\/wp-json\/wp\/v2\/comments?post=29"}],"version-history":[{"count":10,"href":"https:\/\/www.z-ton.de\/index.php\/wp-json\/wp\/v2\/pages\/29\/revisions"}],"predecessor-version":[{"id":56398,"href":"https:\/\/www.z-ton.de\/index.php\/wp-json\/wp\/v2\/pages\/29\/revisions\/56398"}],"wp:attachment":[{"href":"https:\/\/www.z-ton.de\/index.php\/wp-json\/wp\/v2\/media?parent=29"}],"curies":[{"name":"wp","href":"https:\/\/api.w.org\/{rel}","templated":true}]}}