{"id":119,"date":"2016-04-14T21:34:08","date_gmt":"2016-04-14T19:34:08","guid":{"rendered":"http:\/\/zton.pixellamer.com\/?page_id=119"},"modified":"2020-08-25T20:26:13","modified_gmt":"2020-08-25T18:26:13","slug":"streichinstrumente","status":"publish","type":"page","link":"https:\/\/www.z-ton.de\/index.php\/backline-instrumente\/streichinstrumente\/","title":{"rendered":"Streichinstrumente"},"content":{"rendered":"<div class=\"container py-5\"><div class=\"row\"><div class=\"col\"><p>Wir bieten eine gro\u00dfe Auswahl verschiedener Streichinstrumente wie Geigen, E-Geigen, Cellos, Kontrabass. Beachten Sie auch hier, dass wir auf individuelle W\u00fcnsche eingehen und nahezu alle Wunschinstrumente auch zeitnah zur Verf\u00fcgung stellen k\u00f6nnen. Auch hier hilft unser Service bei dringenden Notf\u00e4llen und kurzfristigen Auftritten mit der schnellen pers\u00f6nlichen Lieferung der ben\u00f6tigten Instrumente.<\/p>\n<\/div><\/div><\/div>","protected":false},"excerpt":{"rendered":"<p>Wir bieten eine gro\u00dfe Auswahl verschiedener Streichinstrumente wie Geigen, E-Geigen, Cellos, Kontrabass. Beachten Sie auch hier, dass wir auf individuelle W\u00fcnsche eingehen und nahezu alle Wunschinstrumente auch zeitnah zur Verf\u00fcgung stellen k\u00f6nnen. Auch hier hilft unser Service bei dringenden Notf\u00e4llen und kurzfristigen Auftritten mit der schnellen pers\u00f6nlichen Lieferung der ben\u00f6tigten Instrumente.<\/p>\n","protected":false},"author":1,"featured_media":0,"parent":29,"menu_order":0,"comment_status":"closed","ping_status":"closed","template":"","meta":{"footnotes":""},"class_list":["post-119","page","type-page","status-publish","hentry"],"_links":{"self":[{"href":"https:\/\/www.z-ton.de\/index.php\/wp-json\/wp\/v2\/pages\/119","targetHints":{"allow":["GET"]}}],"collection":[{"href":"https:\/\/www.z-ton.de\/index.php\/wp-json\/wp\/v2\/pages"}],"about":[{"href":"https:\/\/www.z-ton.de\/index.php\/wp-json\/wp\/v2\/types\/page"}],"author":[{"embeddable":true,"href":"https:\/\/www.z-ton.de\/index.php\/wp-json\/wp\/v2\/users\/1"}],"replies":[{"embeddable":true,"href":"https:\/\/www.z-ton.de\/index.php\/wp-json\/wp\/v2\/comments?post=119"}],"version-history":[{"count":2,"href":"https:\/\/www.z-ton.de\/index.php\/wp-json\/wp\/v2\/pages\/119\/revisions"}],"predecessor-version":[{"id":293,"href":"https:\/\/www.z-ton.de\/index.php\/wp-json\/wp\/v2\/pages\/119\/revisions\/293"}],"up":[{"embeddable":true,"href":"https:\/\/www.z-ton.de\/index.php\/wp-json\/wp\/v2\/pages\/29"}],"wp:attachment":[{"href":"https:\/\/www.z-ton.de\/index.php\/wp-json\/wp\/v2\/media?parent=119"}],"curies":[{"name":"wp","href":"https:\/\/api.w.org\/{rel}","templated":true}]}}