{"id":117,"date":"2016-04-14T21:33:49","date_gmt":"2016-04-14T19:33:49","guid":{"rendered":"http:\/\/zton.pixellamer.com\/?page_id=117"},"modified":"2025-02-16T18:28:23","modified_gmt":"2025-02-16T17:28:23","slug":"pianos-keyboards-klaviere","status":"publish","type":"page","link":"https:\/\/www.z-ton.de\/index.php\/backline-instrumente\/pianos-keyboards-klaviere\/","title":{"rendered":"Pianos, Keyboards, Hammond-Orgel"},"content":{"rendered":"<p>[vc_row][vc_column][vc_column_text css=&#8220;.vc_custom_1739726900536{margin-top: 30px !important;}&#8220;]Je nach Wunsch k\u00f6nnen wir Ihnen digitale Keyboards, klassische Pianos, Klaviere und sogar die seltene Hammond Orgel zur Verf\u00fcgung stellen. In unserem Sortiment f\u00fchren wir die bekannten und weltweit f\u00fchrenden Marken wie Yamaha Motif, Korg Kronos und viele andere.<\/p>\n<p>Wir stellen Ihnen die ben\u00f6tigten Instrumente auch kurzfristig in Notf\u00e4llen zur Verf\u00fcgung. Nehmen Sie hierzu einfach <a href=\"https:\/\/www.z-ton.de\/index.php\/kontakt\/\">Kontakt<\/a> mit uns auf.[\/vc_column_text][\/vc_column][\/vc_row]<\/p>\n","protected":false},"excerpt":{"rendered":"<p>[vc_row][vc_column][vc_column_text css=&#8220;.vc_custom_1739726900536{margin-top: 30px !important;}&#8220;]Je nach Wunsch k\u00f6nnen wir Ihnen digitale Keyboards, klassische Pianos, Klaviere und sogar die seltene Hammond Orgel zur Verf\u00fcgung stellen. In unserem Sortiment f\u00fchren wir die bekannten und weltweit f\u00fchrenden Marken wie Yamaha Motif, Korg Kronos und viele andere. Wir stellen Ihnen die ben\u00f6tigten Instrumente auch kurzfristig in Notf\u00e4llen zur Verf\u00fcgung. Nehmen [&hellip;]<\/p>\n","protected":false},"author":1,"featured_media":0,"parent":29,"menu_order":0,"comment_status":"closed","ping_status":"closed","template":"","meta":{"footnotes":""},"class_list":["post-117","page","type-page","status-publish","hentry"],"_links":{"self":[{"href":"https:\/\/www.z-ton.de\/index.php\/wp-json\/wp\/v2\/pages\/117","targetHints":{"allow":["GET"]}}],"collection":[{"href":"https:\/\/www.z-ton.de\/index.php\/wp-json\/wp\/v2\/pages"}],"about":[{"href":"https:\/\/www.z-ton.de\/index.php\/wp-json\/wp\/v2\/types\/page"}],"author":[{"embeddable":true,"href":"https:\/\/www.z-ton.de\/index.php\/wp-json\/wp\/v2\/users\/1"}],"replies":[{"embeddable":true,"href":"https:\/\/www.z-ton.de\/index.php\/wp-json\/wp\/v2\/comments?post=117"}],"version-history":[{"count":9,"href":"https:\/\/www.z-ton.de\/index.php\/wp-json\/wp\/v2\/pages\/117\/revisions"}],"predecessor-version":[{"id":56393,"href":"https:\/\/www.z-ton.de\/index.php\/wp-json\/wp\/v2\/pages\/117\/revisions\/56393"}],"up":[{"embeddable":true,"href":"https:\/\/www.z-ton.de\/index.php\/wp-json\/wp\/v2\/pages\/29"}],"wp:attachment":[{"href":"https:\/\/www.z-ton.de\/index.php\/wp-json\/wp\/v2\/media?parent=117"}],"curies":[{"name":"wp","href":"https:\/\/api.w.org\/{rel}","templated":true}]}}