{"id":104,"date":"2016-04-14T21:30:25","date_gmt":"2016-04-14T19:30:25","guid":{"rendered":"http:\/\/zton.pixellamer.com\/?page_id=104"},"modified":"2025-02-16T18:21:12","modified_gmt":"2025-02-16T17:21:12","slug":"gitarren","status":"publish","type":"page","link":"https:\/\/www.z-ton.de\/index.php\/backline-instrumente\/gitarren\/","title":{"rendered":"Gitarren und Verst\u00e4rker\/Amps"},"content":{"rendered":"<div class=\"container py-5\"><div class=\"row\"><div class=\"col\"><p><strong>Gitarren und B\u00e4sse<\/strong><br \/>\nWir bieten besondere und sehr spezielle Gitarren f\u00fcr den Verleih und die Ausstattung Ihrer Band und sind hierbei auch in Notf\u00e4llen kurzfristig erreichbar. Eine Komplettausstattung oder Einzelanmietung ist jederzeit individuell m\u00f6glich.<\/p>\n\n\t\t<style type=\"text\/css\">\n\t\t\t#gallery-1 {\n\t\t\t\tmargin: auto;\n\t\t\t}\n\t\t\t#gallery-1 .gallery-item {\n\t\t\t\tfloat: left;\n\t\t\t\tmargin-top: 10px;\n\t\t\t\ttext-align: center;\n\t\t\t\twidth: 25%;\n\t\t\t}\n\t\t\t#gallery-1 img {\n\t\t\t\tborder: 2px solid #cfcfcf;\n\t\t\t}\n\t\t\t#gallery-1 .gallery-caption {\n\t\t\t\tmargin-left: 0;\n\t\t\t}\n\t\t\t\/* see gallery_shortcode() in wp-includes\/media.php *\/\n\t\t<\/style>\n\t\t<div id='gallery-1' class='gallery galleryid-104 gallery-columns-4 gallery-size-thumbnail'><dl class='gallery-item'>\n\t\t\t<dt class='gallery-icon portrait'>\n\t\t\t\t<a href='https:\/\/www.z-ton.de\/wp-content\/uploads\/2016\/04\/WhatsApp-Image-20160507-1.jpg' data-lightbox=\"lightbox[104]\"><img loading=\"lazy\" decoding=\"async\" width=\"150\" height=\"150\" src=\"https:\/\/www.z-ton.de\/wp-content\/uploads\/2016\/04\/WhatsApp-Image-20160507-1-150x150.jpg\" class=\"attachment-thumbnail size-thumbnail\" alt=\"\" srcset=\"https:\/\/www.z-ton.de\/wp-content\/uploads\/2016\/04\/WhatsApp-Image-20160507-1-150x150.jpg 150w, https:\/\/www.z-ton.de\/wp-content\/uploads\/2016\/04\/WhatsApp-Image-20160507-1-140x140.jpg 140w, https:\/\/www.z-ton.de\/wp-content\/uploads\/2016\/04\/WhatsApp-Image-20160507-1-74x74.jpg 74w, https:\/\/www.z-ton.de\/wp-content\/uploads\/2016\/04\/WhatsApp-Image-20160507-1-184x184.jpg 184w\" sizes=\"auto, (max-width: 150px) 100vw, 150px\" \/><\/a>\n\t\t\t<\/dt><\/dl><dl class='gallery-item'>\n\t\t\t<dt class='gallery-icon landscape'>\n\t\t\t\t<a href='https:\/\/www.z-ton.de\/wp-content\/uploads\/2016\/04\/WhatsApp-Image-20160507-5.jpg' data-lightbox=\"lightbox[104]\"><img loading=\"lazy\" decoding=\"async\" width=\"150\" height=\"150\" src=\"https:\/\/www.z-ton.de\/wp-content\/uploads\/2016\/04\/WhatsApp-Image-20160507-5-150x150.jpg\" class=\"attachment-thumbnail size-thumbnail\" alt=\"\" srcset=\"https:\/\/www.z-ton.de\/wp-content\/uploads\/2016\/04\/WhatsApp-Image-20160507-5-150x150.jpg 150w, https:\/\/www.z-ton.de\/wp-content\/uploads\/2016\/04\/WhatsApp-Image-20160507-5-140x140.jpg 140w, https:\/\/www.z-ton.de\/wp-content\/uploads\/2016\/04\/WhatsApp-Image-20160507-5-74x74.jpg 74w, https:\/\/www.z-ton.de\/wp-content\/uploads\/2016\/04\/WhatsApp-Image-20160507-5-184x184.jpg 184w\" sizes=\"auto, (max-width: 150px) 100vw, 150px\" \/><\/a>\n\t\t\t<\/dt><\/dl><dl class='gallery-item'>\n\t\t\t<dt class='gallery-icon portrait'>\n\t\t\t\t<a href='https:\/\/www.z-ton.de\/wp-content\/uploads\/2016\/04\/WhatsApp-Image-20160507-2.jpg' data-lightbox=\"lightbox[104]\"><img loading=\"lazy\" decoding=\"async\" width=\"150\" height=\"150\" src=\"https:\/\/www.z-ton.de\/wp-content\/uploads\/2016\/04\/WhatsApp-Image-20160507-2-150x150.jpg\" class=\"attachment-thumbnail size-thumbnail\" alt=\"\" srcset=\"https:\/\/www.z-ton.de\/wp-content\/uploads\/2016\/04\/WhatsApp-Image-20160507-2-150x150.jpg 150w, https:\/\/www.z-ton.de\/wp-content\/uploads\/2016\/04\/WhatsApp-Image-20160507-2-140x140.jpg 140w, https:\/\/www.z-ton.de\/wp-content\/uploads\/2016\/04\/WhatsApp-Image-20160507-2-74x74.jpg 74w, https:\/\/www.z-ton.de\/wp-content\/uploads\/2016\/04\/WhatsApp-Image-20160507-2-184x184.jpg 184w\" sizes=\"auto, (max-width: 150px) 100vw, 150px\" \/><\/a>\n\t\t\t<\/dt><\/dl><dl class='gallery-item'>\n\t\t\t<dt class='gallery-icon portrait'>\n\t\t\t\t<a href='https:\/\/www.z-ton.de\/wp-content\/uploads\/2016\/04\/WhatsApp-Image-20160507-4.jpg' data-lightbox=\"lightbox[104]\"><img loading=\"lazy\" decoding=\"async\" width=\"150\" height=\"150\" src=\"https:\/\/www.z-ton.de\/wp-content\/uploads\/2016\/04\/WhatsApp-Image-20160507-4-150x150.jpg\" class=\"attachment-thumbnail size-thumbnail\" alt=\"\" srcset=\"https:\/\/www.z-ton.de\/wp-content\/uploads\/2016\/04\/WhatsApp-Image-20160507-4-150x150.jpg 150w, https:\/\/www.z-ton.de\/wp-content\/uploads\/2016\/04\/WhatsApp-Image-20160507-4-140x140.jpg 140w, https:\/\/www.z-ton.de\/wp-content\/uploads\/2016\/04\/WhatsApp-Image-20160507-4-74x74.jpg 74w, https:\/\/www.z-ton.de\/wp-content\/uploads\/2016\/04\/WhatsApp-Image-20160507-4-184x184.jpg 184w\" sizes=\"auto, (max-width: 150px) 100vw, 150px\" \/><\/a>\n\t\t\t<\/dt><\/dl><br style=\"clear: both\" \/>\n\t\t<\/div>\n\n<p><strong>Verst\u00e4rker\/Amps<\/strong><br \/>\nZu jeder Gitarre und jedem Bass geh\u00f6rt auch ein guter Verst\u00e4rker, der die Besonderheiten des Instruments und seines Spielers hervorhebt. In unserem Sortiment finden sich unter anderem R\u00f6hrenverst\u00e4rker der Marken wie Mesa Boogie und Fender.<\/p>\n<p>Passende Effektger\u00e4te in gro\u00dfer Auswahl (z. B. von Boss) k\u00f6nnen zu jeder Anmietung hinzu gebucht werden.<\/p>\n<\/div><\/div><\/div>","protected":false},"excerpt":{"rendered":"<p>Gitarren und B\u00e4sse Wir bieten besondere und sehr spezielle Gitarren f\u00fcr den Verleih und die Ausstattung Ihrer Band und sind hierbei auch in Notf\u00e4llen kurzfristig erreichbar. Eine Komplettausstattung oder Einzelanmietung ist jederzeit individuell m\u00f6glich. Verst\u00e4rker\/Amps Zu jeder Gitarre und jedem Bass geh\u00f6rt auch ein guter Verst\u00e4rker, der die Besonderheiten des Instruments und seines Spielers hervorhebt. [&hellip;]<\/p>\n","protected":false},"author":1,"featured_media":0,"parent":29,"menu_order":0,"comment_status":"closed","ping_status":"closed","template":"","meta":{"footnotes":""},"class_list":["post-104","page","type-page","status-publish","hentry"],"_links":{"self":[{"href":"https:\/\/www.z-ton.de\/index.php\/wp-json\/wp\/v2\/pages\/104","targetHints":{"allow":["GET"]}}],"collection":[{"href":"https:\/\/www.z-ton.de\/index.php\/wp-json\/wp\/v2\/pages"}],"about":[{"href":"https:\/\/www.z-ton.de\/index.php\/wp-json\/wp\/v2\/types\/page"}],"author":[{"embeddable":true,"href":"https:\/\/www.z-ton.de\/index.php\/wp-json\/wp\/v2\/users\/1"}],"replies":[{"embeddable":true,"href":"https:\/\/www.z-ton.de\/index.php\/wp-json\/wp\/v2\/comments?post=104"}],"version-history":[{"count":5,"href":"https:\/\/www.z-ton.de\/index.php\/wp-json\/wp\/v2\/pages\/104\/revisions"}],"predecessor-version":[{"id":56388,"href":"https:\/\/www.z-ton.de\/index.php\/wp-json\/wp\/v2\/pages\/104\/revisions\/56388"}],"up":[{"embeddable":true,"href":"https:\/\/www.z-ton.de\/index.php\/wp-json\/wp\/v2\/pages\/29"}],"wp:attachment":[{"href":"https:\/\/www.z-ton.de\/index.php\/wp-json\/wp\/v2\/media?parent=104"}],"curies":[{"name":"wp","href":"https:\/\/api.w.org\/{rel}","templated":true}]}}